{"id":2,"date":"2022-08-11T12:44:38","date_gmt":"2022-08-11T12:44:38","guid":{"rendered":"https:\/\/maximodecorhome.com.br\/?page_id=2"},"modified":"2022-08-23T14:21:12","modified_gmt":"2022-08-23T14:21:12","slug":"sample-page","status":"publish","type":"page","link":"https:\/\/maximodecorhome.com.br\/index.php\/sample-page\/","title":{"rendered":"Sobre n\u00f3s"},"content":{"rendered":"\n<p>INTRODU\u00c7\u00c3O <\/p>\n\n\n\n<p>A M\u00c1XIMO DECORHOME surgiu em meados de 2022 na cidade de S\u00e3o Paulo Bom Retiro n\u00f3s distribuidor de material de constru\u00e7\u00e3o torneira, acess\u00f3rios interno e outros.<\/p>\n","protected":false},"excerpt":{"rendered":"<p>INTRODU\u00c7\u00c3O A M\u00c1XIMO DECORHOME surgiu em meados de 2022 na cidade de S\u00e3o Paulo Bom Retiro n\u00f3s distribuidor de material de constru\u00e7\u00e3o torneira, acess\u00f3rios interno e outros.<\/p>\n","protected":false},"author":1,"featured_media":0,"parent":0,"menu_order":0,"comment_status":"closed","ping_status":"open","template":"","meta":{"om_disable_all_campaigns":false,"_monsterinsights_skip_tracking":false,"_monsterinsights_sitenote_active":false,"_monsterinsights_sitenote_note":"","_monsterinsights_sitenote_category":0,"footnotes":""},"aioseo_notices":[],"_links":{"self":[{"href":"https:\/\/maximodecorhome.com.br\/index.php\/wp-json\/wp\/v2\/pages\/2"}],"collection":[{"href":"https:\/\/maximodecorhome.com.br\/index.php\/wp-json\/wp\/v2\/pages"}],"about":[{"href":"https:\/\/maximodecorhome.com.br\/index.php\/wp-json\/wp\/v2\/types\/page"}],"author":[{"embeddable":true,"href":"https:\/\/maximodecorhome.com.br\/index.php\/wp-json\/wp\/v2\/users\/1"}],"replies":[{"embeddable":true,"href":"https:\/\/maximodecorhome.com.br\/index.php\/wp-json\/wp\/v2\/comments?post=2"}],"version-history":[{"count":4,"href":"https:\/\/maximodecorhome.com.br\/index.php\/wp-json\/wp\/v2\/pages\/2\/revisions"}],"predecessor-version":[{"id":106,"href":"https:\/\/maximodecorhome.com.br\/index.php\/wp-json\/wp\/v2\/pages\/2\/revisions\/106"}],"wp:attachment":[{"href":"https:\/\/maximodecorhome.com.br\/index.php\/wp-json\/wp\/v2\/media?parent=2"}],"curies":[{"name":"wp","href":"https:\/\/api.w.org\/{rel}","templated":true}]}}