{"id":48,"date":"2022-08-22T14:29:55","date_gmt":"2022-08-22T14:29:55","guid":{"rendered":"https:\/\/maximodecorhome.com.br\/?page_id=48"},"modified":"2023-08-09T16:56:06","modified_gmt":"2023-08-09T16:56:06","slug":"contato","status":"publish","type":"page","link":"https:\/\/maximodecorhome.com.br\/index.php\/contato\/","title":{"rendered":"Contato"},"content":{"rendered":"\n<p><strong>Endere\u00e7o<\/strong><br>Rua Prates, 684 &#8211; Andar 3 Bom Retiro,<br>S\u00e3o Paulo &#8211; SP, CEP:01121-000<\/p>\n\n\n\n<p><strong>Hor\u00e1rio<\/strong><br>Segunda\u2013Sexta: 9:00h\u201317:00h<br>S\u00e1bado: Fechado                                                                                                                                                                Domingo: Fechado<\/p>\n\n\n\n<p><\/p>\n","protected":false},"excerpt":{"rendered":"<p>Endere\u00e7oRua Prates, 684 &#8211; Andar 3 Bom Retiro,S\u00e3o Paulo &#8211; SP, CEP:01121-000 Hor\u00e1rioSegunda\u2013Sexta: 9:00h\u201317:00hS\u00e1bado: Fechado Domingo: Fechado<\/p>\n","protected":false},"author":1,"featured_media":0,"parent":0,"menu_order":0,"comment_status":"closed","ping_status":"closed","template":"","meta":{"om_disable_all_campaigns":false,"_monsterinsights_skip_tracking":false,"_monsterinsights_sitenote_active":false,"_monsterinsights_sitenote_note":"","_monsterinsights_sitenote_category":0,"footnotes":""},"aioseo_notices":[],"_links":{"self":[{"href":"https:\/\/maximodecorhome.com.br\/index.php\/wp-json\/wp\/v2\/pages\/48"}],"collection":[{"href":"https:\/\/maximodecorhome.com.br\/index.php\/wp-json\/wp\/v2\/pages"}],"about":[{"href":"https:\/\/maximodecorhome.com.br\/index.php\/wp-json\/wp\/v2\/types\/page"}],"author":[{"embeddable":true,"href":"https:\/\/maximodecorhome.com.br\/index.php\/wp-json\/wp\/v2\/users\/1"}],"replies":[{"embeddable":true,"href":"https:\/\/maximodecorhome.com.br\/index.php\/wp-json\/wp\/v2\/comments?post=48"}],"version-history":[{"count":9,"href":"https:\/\/maximodecorhome.com.br\/index.php\/wp-json\/wp\/v2\/pages\/48\/revisions"}],"predecessor-version":[{"id":213,"href":"https:\/\/maximodecorhome.com.br\/index.php\/wp-json\/wp\/v2\/pages\/48\/revisions\/213"}],"wp:attachment":[{"href":"https:\/\/maximodecorhome.com.br\/index.php\/wp-json\/wp\/v2\/media?parent=48"}],"curies":[{"name":"wp","href":"https:\/\/api.w.org\/{rel}","templated":true}]}}