{"id":50,"date":"2022-08-22T14:29:55","date_gmt":"2022-08-22T14:29:55","guid":{"rendered":"https:\/\/maximodecorhome.com.br\/?page_id=50"},"modified":"2022-08-23T14:35:02","modified_gmt":"2022-08-23T14:35:02","slug":"uma-secao-de-pagina-inicial","status":"publish","type":"page","link":"https:\/\/maximodecorhome.com.br\/index.php\/uma-secao-de-pagina-inicial\/","title":{"rendered":"Empresa"},"content":{"rendered":"\n<p>Conhe\u00e7a a M\u00e1ximo Decorhome Revendemos e damos prioridade a satisfa\u00e7\u00e3o de nossos clientes.<\/p>\n","protected":false},"excerpt":{"rendered":"<p>Conhe\u00e7a a M\u00e1ximo Decorhome Revendemos e damos prioridade a satisfa\u00e7\u00e3o de nossos clientes.<\/p>\n","protected":false},"author":1,"featured_media":0,"parent":0,"menu_order":0,"comment_status":"closed","ping_status":"closed","template":"","meta":{"om_disable_all_campaigns":false,"_monsterinsights_skip_tracking":false,"_monsterinsights_sitenote_active":false,"_monsterinsights_sitenote_note":"","_monsterinsights_sitenote_category":0,"footnotes":""},"aioseo_notices":[],"_links":{"self":[{"href":"https:\/\/maximodecorhome.com.br\/index.php\/wp-json\/wp\/v2\/pages\/50"}],"collection":[{"href":"https:\/\/maximodecorhome.com.br\/index.php\/wp-json\/wp\/v2\/pages"}],"about":[{"href":"https:\/\/maximodecorhome.com.br\/index.php\/wp-json\/wp\/v2\/types\/page"}],"author":[{"embeddable":true,"href":"https:\/\/maximodecorhome.com.br\/index.php\/wp-json\/wp\/v2\/users\/1"}],"replies":[{"embeddable":true,"href":"https:\/\/maximodecorhome.com.br\/index.php\/wp-json\/wp\/v2\/comments?post=50"}],"version-history":[{"count":3,"href":"https:\/\/maximodecorhome.com.br\/index.php\/wp-json\/wp\/v2\/pages\/50\/revisions"}],"predecessor-version":[{"id":113,"href":"https:\/\/maximodecorhome.com.br\/index.php\/wp-json\/wp\/v2\/pages\/50\/revisions\/113"}],"wp:attachment":[{"href":"https:\/\/maximodecorhome.com.br\/index.php\/wp-json\/wp\/v2\/media?parent=50"}],"curies":[{"name":"wp","href":"https:\/\/api.w.org\/{rel}","templated":true}]}}